{"id":171,"date":"2018-08-15T16:54:43","date_gmt":"2018-08-15T14:54:43","guid":{"rendered":"http:\/\/pg3.digitalborn.de\/lugm\/?page_id=171"},"modified":"2018-10-17T20:10:14","modified_gmt":"2018-10-17T18:10:14","slug":"ueber-uns","status":"publish","type":"page","link":"https:\/\/www.linux-mitterteich.de\/?page_id=171","title":{"rendered":"\u00dcber uns"},"content":{"rendered":"<p>\u00dcber uns<\/p>\n<p>Wir sind eine Gruppe von begeisterten Linux-Nutzern und tauschen uns regelm\u00e4\u00dfig zu aktuellen Themen und Problemen aus: Entweder \u00fcber unsere Mailingliste, oder einmal im Monat zum Stammtisch in Mitterteich.<\/p>\n<p>Wir nutzen, administrieren, arbeiten, basteln und spielen gerne mit Linux. Wir kommen aus\u00a0Mitterteich, Tirschenreuth, Waldsassen, Erbendorf, Marktredwitz, Parkstein, Pressath, Gefrees, Oberbibrach, Windischeschenbach, Naabdemenreuth, Waldershof, Regensburg, Bayreuth, Etzenricht, Wunsiedel.<\/p>\n<p>Computer interessieren Dich?<br \/>Du interessierst Dich f\u00fcr Linux?<br \/>Du m\u00f6chtest etwas Neues ausprobieren?<br \/>Bei uns ist JEDER WILLKOMMEN &#8211; vom Anf\u00e4nger bis zum Profi. Neuank\u00f6mmlinge werden schnell integriert, und wir haben alle klein angefangen!<\/p>\n<p>Most of us also speak English, so non-German speakers are always welcome!<\/p>\n<p><!-- {\"name\":\"\",\"type\":\"layout\",\"children\":[{\"name\":\"\",\"type\":\"section\",\"props\":{\"style\":\"default\",\"width\":\"default\",\"image_position\":\"center-center\"},\"children\":[{\"name\":\"\",\"type\":\"row\",\"props\":{\"fixed_width\":\"large\",\"breakpoint\":\"m\",\"layout\":\"1-1\"},\"children\":[{\"name\":\"\",\"type\":\"column\",\"props\":{\"image_position\":\"center-center\",\"widths\":[\"1-1\"]},\"children\":[{\"name\":\"\",\"type\":\"headline\",\"props\":{\"title_element\":\"h1\",\"content\":\"\\u00dcber uns\"}}]}]},{\"name\":\"\",\"type\":\"row\",\"props\":{\"fixed_width\":\"large\",\"breakpoint\":\"m\",\"layout\":\",\"},\"children\":[{\"name\":\"\",\"type\":\"column\",\"props\":{\"image_position\":\"center-center\",\"widths\":[\"\"]},\"children\":[{\"name\":\"\",\"type\":\"text\",\"props\":{\"column_breakpoint\":\"m\",\"margin\":\"default\",\"content\":\"Wir sind eine Gruppe von begeisterten Linux-Nutzern und tauschen uns regelm\\u00e4\\u00dfig zu aktuellen Themen und Problemen aus: Entweder \\u00fcber unsere Mailingliste, oder einmal im Monat zum Stammtisch in Mitterteich.<br \\\/><br \\\/>Wir nutzen, administrieren, arbeiten, basteln und spielen gerne mit Linux. Wir kommen aus\\u00a0Mitterteich, Tirschenreuth, Waldsassen, Erbendorf, Marktredwitz, Parkstein, Pressath, Gefrees, Oberbibrach, Windischeschenbach, Naabdemenreuth, Waldershof, Regensburg, Bayreuth, Etzenricht, Wunsiedel.<br \\\/><br \\\/>Computer interessieren Dich?<br \\\/>Du interessierst Dich f\\u00fcr Linux?<br \\\/>Du m\\u00f6chtest etwas Neues ausprobieren?<br \\\/>Bei uns ist JEDER WILLKOMMEN - vom Anf\\u00e4nger bis zum Profi. Neuank\\u00f6mmlinge werden schnell integriert, und wir haben alle klein angefangen!<br \\\/><br \\\/>Most of us also speak English, so non-German speakers are always welcome!\"}}]},{\"name\":\"\",\"type\":\"column\",\"props\":{\"image_position\":\"center-center\",\"widths\":[\"\"]},\"children\":[{\"name\":\"\",\"type\":\"image\",\"props\":{\"margin\":\"default\",\"image\":\"wp-content\\\/uploads\\\/3142b45525.jpg\"}}]}]}]}]} --><\/p>\n","protected":false},"excerpt":{"rendered":"<p>\u00dcber uns Wir sind eine Gruppe von begeisterten Linux-Nutzern und tauschen uns regelm\u00e4\u00dfig zu aktuellen Themen und Problemen aus: Entweder \u00fcber unsere Mailingliste, oder einmal im Monat zum Stammtisch in Mitterteich. Wir nutzen, administrieren, arbeiten, basteln und spielen gerne mit Linux. Wir kommen aus\u00a0Mitterteich, Tirschenreuth, Waldsassen, Erbendorf, Marktredwitz, Parkstein, Pressath, Gefrees, Oberbibrach, Windischeschenbach, Naabdemenreuth, Waldershof, [&hellip;]<\/p>\n","protected":false},"author":1,"featured_media":0,"parent":0,"menu_order":0,"comment_status":"closed","ping_status":"closed","template":"","meta":{"footnotes":""},"class_list":["post-171","page","type-page","status-publish","hentry"],"_links":{"self":[{"href":"https:\/\/www.linux-mitterteich.de\/index.php?rest_route=\/wp\/v2\/pages\/171","targetHints":{"allow":["GET"]}}],"collection":[{"href":"https:\/\/www.linux-mitterteich.de\/index.php?rest_route=\/wp\/v2\/pages"}],"about":[{"href":"https:\/\/www.linux-mitterteich.de\/index.php?rest_route=\/wp\/v2\/types\/page"}],"author":[{"embeddable":true,"href":"https:\/\/www.linux-mitterteich.de\/index.php?rest_route=\/wp\/v2\/users\/1"}],"replies":[{"embeddable":true,"href":"https:\/\/www.linux-mitterteich.de\/index.php?rest_route=%2Fwp%2Fv2%2Fcomments&post=171"}],"version-history":[{"count":7,"href":"https:\/\/www.linux-mitterteich.de\/index.php?rest_route=\/wp\/v2\/pages\/171\/revisions"}],"predecessor-version":[{"id":236,"href":"https:\/\/www.linux-mitterteich.de\/index.php?rest_route=\/wp\/v2\/pages\/171\/revisions\/236"}],"wp:attachment":[{"href":"https:\/\/www.linux-mitterteich.de\/index.php?rest_route=%2Fwp%2Fv2%2Fmedia&parent=171"}],"curies":[{"name":"wp","href":"https:\/\/api.w.org\/{rel}","templated":true}]}}