{"id":173,"date":"2018-08-15T16:54:58","date_gmt":"2018-08-15T14:54:58","guid":{"rendered":"http:\/\/pg3.digitalborn.de\/lugm\/?page_id=173"},"modified":"2022-10-19T17:21:48","modified_gmt":"2022-10-19T15:21:48","slug":"stammtisch-2","status":"publish","type":"page","link":"https:\/\/www.linux-mitterteich.de\/?page_id=173","title":{"rendered":"Stammtisch"},"content":{"rendered":"<h1>Unser Stammtisch<\/h1>\n<div>\n<p>Auch in der digitalen Welt sind pers\u00f6nliche Treffen unbezahlbar wichtig. So kn\u00fcpfen wir Kontakte, haben Freude an Technik und Austausch, halten und h\u00f6ren Vortr\u00e4ge rund um die IT, Linux und unsere Begegnungen mit gro\u00dfen und kleinen Herausforderungen.<\/p>\n<p>Auch das leibliche Wohl kommt selten zu kurz: Die italienischen K\u00fcche im Lokal ist hervorragend, der Service gut und schnell.\u00a0<\/p>\n<p>DIe Umgebung im Nebenzimmer des &#8222;DaMarco&#8220; ist entspannt, und wir freuen uns auf jedes Treffen dort!<\/p>\n<\/div>\n<h1><!-- Stammtisch in der Pandemie --><\/h1>\n<div><!-- \n\n<p style=\"text-align: left;\">Aus aktuellem Anlass verzichten wir derzeit auf Treffen vor Ort. Unser Treffen findet jedoch weiterhin als virtuelles Treffen statt.\n\nEine Teilnahme (mit aktuellem Browser) ist an jedem 3. Mittwoch des Monats ab 19.00 Uhr unter folgender Adresse m\u00f6glich.<\/p>\n\n\n\n\n<p><a href=\"https:\/\/bbb.ch-open.ch\/b\/pcf-uiq-om6-vcj\" target=\"_blank\" rel=\"noopener\"><span>\ud83e\udc46 <\/span>Big Blue Button Raum - LUG Mitterteich <span>\ud83e\udc44<\/span><\/a><\/p>\n\n --><\/div>\n<h1>Wir treffen uns &#8230;.<\/h1>\n<div>\n<h1>Wann?<\/h1>\n<p>An jedem 3. Mittwoch eines Monats um 19 Uhr.<\/p>\n<h1>Wo?<\/h1>\n<p>Pizzeria DaMarco<br \/>Unterer Marktplatz 12<br \/>95666 Mitterteich<\/div>\n<h1>Anfahrt<\/h1>\n<p><img decoding=\"async\" src=\"\/wp-content\/uploads\/LUG-Wo-ist-Mitterteich.png\" alt=\"\"><br \/>\n<img decoding=\"async\" src=\"\/wp-content\/uploads\/LUG-Wo-in-Mitterteich.png\" alt=\"\"><\/p>\n<div>\n<p>Dynamische Karte von openstreetmap.org:<br \/><a href=\"https:\/\/www.openstreetmap.org\/#map=19\/49.95030\/12.24261\" target=\"_blank\" rel=\"noopener noreferrer\">https:\/\/www.openstreetmap.org\/#map=19\/49.95030\/12.24261<br \/><\/a><br \/>Koordinaten:<br \/>49.95030 Nord<br \/>12.24261 Ost<\/p>\n<\/div>\n<p><!--more--><br \/>\n<!-- {\"name\":\"\",\"type\":\"layout\",\"children\":[{\"name\":\"\",\"type\":\"section\",\"props\":{\"style\":\"default\",\"width\":\"default\",\"image_position\":\"center-center\",\"vertical_align\":\"middle\",\"title_position\":\"top-left\",\"title_rotation\":\"left\",\"title_breakpoint\":\"xl\"},\"children\":[{\"name\":\"\",\"type\":\"row\",\"children\":[{\"name\":\"\",\"type\":\"column\",\"props\":{\"image_position\":\"center-center\",\"width_medium\":\"1-1\",\"media_overlay_gradient\":\"\",\"position_sticky_breakpoint\":\"m\"}}]},{\"name\":\"\",\"type\":\"row\",\"props\":{\"layout\":\"1-2,1-2\"},\"children\":[{\"name\":\"\",\"type\":\"column\",\"props\":{\"image_position\":\"center-center\",\"width_medium\":\"1-2\",\"media_overlay_gradient\":\"\",\"position_sticky_breakpoint\":\"m\"},\"children\":[{\"name\":\"\",\"type\":\"headline\",\"props\":{\"title_element\":\"h1\",\"content\":\"Unser Stammtisch\"}},{\"name\":\"\",\"type\":\"text\",\"props\":{\"column_breakpoint\":\"m\",\"margin\":\"default\",\"content\":\"\n\n<p>Auch in der digitalen Welt sind pers\\u00f6nliche Treffen unbezahlbar wichtig. So kn\\u00fcpfen wir Kontakte, haben Freude an Technik und Austausch, halten und h\\u00f6ren Vortr\\u00e4ge rund um die IT, Linux und unsere Begegnungen mit gro\\u00dfen und kleinen Herausforderungen.<br \\\/><br \\\/>Auch das leibliche Wohl kommt selten zu kurz: Die italienischen K\\u00fcche im Lokal ist hervorragend, der Service gut und schnell.\\u00a0<br \\\/><br \\\/>DIe Umgebung im Nebenzimmer des \\\"DaMarco\\\" ist entspannt, und wir freuen uns auf jedes Treffen dort!<\\\/p>\"}},{\"type\":\"headline\",\"props\":{\"title_element\":\"h1\",\"content\":\"<!-- Stammtisch in der Pandemie -->&#8222;},&#8220;name&#8220;:&#8220;headline pandemie&#8220;},{&#8222;type&#8220;:&#8220;text&#8220;,&#8220;props&#8220;:{&#8222;margin&#8220;:&#8220;default&#8220;,&#8220;column_breakpoint&#8220;:&#8220;m&#8220;,&#8220;content&#8220;:&#8220;<!-- \n\n<p style=\\\"text-align: left;\\\">Aus aktuellem Anlass verzichten wir derzeit auf Treffen vor Ort. Unser Treffen findet jedoch weiterhin als virtuelles Treffen statt.<br \\\/><br \\\/>Eine Teilnahme (mit aktuellem Browser) ist an jedem 3. Mittwoch des Monats ab 19.00 Uhr unter folgender Adresse m\\u00f6glich.<\\\/p>\\n\n\n<p><br \\\/><a href=\\\"https:\\\/\\\/bbb.ch-open.ch\\\/b\\\/pcf-uiq-om6-vcj\\\" target=\\\"_blank\\\" rel=\\\"noopener\\\"><span>\\ud83e\\udc46 <\\\/span>Big Blue Button Raum - LUG Mitterteich <span>\\ud83e\\udc44<\\\/span><\\\/a><\\\/p> -->&#8222;},&#8220;name&#8220;:&#8220;text pandemie&#8220;}]},{&#8222;name&#8220;:&#8220;&#8220;,&#8220;type&#8220;:&#8220;column&#8220;,&#8220;props&#8220;:{&#8222;image_position&#8220;:&#8220;center-center&#8220;,&#8220;width_medium&#8220;:&#8220;1-2&#8243;,&#8220;media_overlay_gradient&#8220;:&#8220;&#8220;,&#8220;position_sticky_breakpoint&#8220;:&#8220;m&#8220;},&#8220;children&#8220;:[{&#8222;name&#8220;:&#8220;&#8220;,&#8220;type&#8220;:&#8220;headline&#8220;,&#8220;props&#8220;:{&#8222;title_element&#8220;:&#8220;h1&#8243;,&#8220;content&#8220;:&#8220;Wir treffen uns &#8230;.&#8220;}},{&#8222;name&#8220;:&#8220;&#8220;,&#8220;type&#8220;:&#8220;text&#8220;,&#8220;props&#8220;:{&#8222;column_breakpoint&#8220;:&#8220;m&#8220;,&#8220;margin&#8220;:&#8220;default&#8220;,&#8220;content&#8220;:&#8220;<\/p>\n<h1>Wann?<\\\/h1>\\nAn jedem 3. Mittwoch eines Monats um 19 Uhr.<br \\\/>\\n<\/p>\n<h1>Wo?<\\\/h1>\\nPizzeria DaMarco<br \\\/>Unterer Marktplatz 12<br \\\/>95666 Mitterteich&#8220;}}]}]}]},{&#8222;name&#8220;:&#8220;&#8220;,&#8220;type&#8220;:&#8220;section&#8220;,&#8220;props&#8220;:{&#8222;style&#8220;:&#8220;default&#8220;,&#8220;width&#8220;:&#8220;default&#8220;,&#8220;image_position&#8220;:&#8220;center-center&#8220;,&#8220;vertical_align&#8220;:&#8220;middle&#8220;,&#8220;title_position&#8220;:&#8220;top-left&#8220;,&#8220;title_rotation&#8220;:&#8220;left&#8220;,&#8220;title_breakpoint&#8220;:&#8220;xl&#8220;},&#8220;children&#8220;:[{&#8222;name&#8220;:&#8220;&#8220;,&#8220;type&#8220;:&#8220;row&#8220;,&#8220;children&#8220;:[{&#8222;name&#8220;:&#8220;&#8220;,&#8220;type&#8220;:&#8220;column&#8220;,&#8220;props&#8220;:{&#8222;image_position&#8220;:&#8220;center-center&#8220;,&#8220;width_medium&#8220;:&#8220;1-1&#8243;,&#8220;media_overlay_gradient&#8220;:&#8220;&#8220;,&#8220;position_sticky_breakpoint&#8220;:&#8220;m&#8220;},&#8220;children&#8220;:[{&#8222;name&#8220;:&#8220;&#8220;,&#8220;type&#8220;:&#8220;headline&#8220;,&#8220;props&#8220;:{&#8222;title_element&#8220;:&#8220;h1&#8243;,&#8220;content&#8220;:&#8220;Anfahrt&#8220;}}]}]},{&#8222;name&#8220;:&#8220;&#8220;,&#8220;type&#8220;:&#8220;row&#8220;,&#8220;props&#8220;:{&#8222;layout&#8220;:&#8220;1-2,1-2&#8243;},&#8220;children&#8220;:[{&#8222;name&#8220;:&#8220;&#8220;,&#8220;type&#8220;:&#8220;column&#8220;,&#8220;props&#8220;:{&#8222;image_position&#8220;:&#8220;center-center&#8220;,&#8220;width_medium&#8220;:&#8220;1-2&#8243;,&#8220;media_overlay_gradient&#8220;:&#8220;&#8220;,&#8220;position_sticky_breakpoint&#8220;:&#8220;m&#8220;},&#8220;children&#8220;:[{&#8222;name&#8220;:&#8220;&#8220;,&#8220;type&#8220;:&#8220;image&#8220;,&#8220;props&#8220;:{&#8222;margin&#8220;:&#8220;default&#8220;,&#8220;image&#8220;:&#8220;wp-content\\\/uploads\\\/LUG-Wo-ist-Mitterteich.png&#8220;,&#8220;image_svg_color&#8220;:&#8220;emphasis&#8220;}},{&#8222;name&#8220;:&#8220;&#8220;,&#8220;type&#8220;:&#8220;image&#8220;,&#8220;props&#8220;:{&#8222;margin&#8220;:&#8220;default&#8220;,&#8220;image&#8220;:&#8220;wp-content\\\/uploads\\\/LUG-Wo-in-Mitterteich.png&#8220;,&#8220;image_svg_color&#8220;:&#8220;emphasis&#8220;}}]},{&#8222;name&#8220;:&#8220;&#8220;,&#8220;type&#8220;:&#8220;column&#8220;,&#8220;props&#8220;:{&#8222;image_position&#8220;:&#8220;center-center&#8220;,&#8220;width_medium&#8220;:&#8220;1-2&#8243;,&#8220;media_overlay_gradient&#8220;:&#8220;&#8220;,&#8220;position_sticky_breakpoint&#8220;:&#8220;m&#8220;},&#8220;children&#8220;:[{&#8222;name&#8220;:&#8220;&#8220;,&#8220;type&#8220;:&#8220;text&#8220;,&#8220;props&#8220;:{&#8222;column_breakpoint&#8220;:&#8220;m&#8220;,&#8220;margin&#8220;:&#8220;default&#8220;,&#8220;content&#8220;:&#8220;<\/p>\n<p>Dynamische Karte von openstreetmap.org:<br \\\/><a href=\\\"https:\\\/\\\/www.openstreetmap.org\\\/#map=19\\\/49.95030\\\/12.24261\\\" target=\\\"_blank\\\" rel=\\\"noopener noreferrer\\\">https:\\\/\\\/www.openstreetmap.org\\\/#map=19\\\/49.95030\\\/12.24261<br \\\/><\\\/a><br \\\/>Koordinaten:<br \\\/>49.95030 Nord<br \\\/>12.24261 Ost<\\\/p>&#8222;}}]}]}]}],&#8220;version&#8220;:&#8220;2.7.21&#8243;} &#8211;><\/p>\n","protected":false},"excerpt":{"rendered":"<p>Unser Stammtisch Auch in der digitalen Welt sind pers\u00f6nliche Treffen unbezahlbar wichtig. So kn\u00fcpfen wir Kontakte, haben Freude an Technik und Austausch, halten und h\u00f6ren Vortr\u00e4ge rund um die IT, Linux und unsere Begegnungen mit gro\u00dfen und kleinen Herausforderungen. Auch das leibliche Wohl kommt selten zu kurz: Die italienischen K\u00fcche im Lokal ist hervorragend, der [&hellip;]<\/p>\n","protected":false},"author":1,"featured_media":0,"parent":0,"menu_order":0,"comment_status":"closed","ping_status":"closed","template":"","meta":{"footnotes":""},"class_list":["post-173","page","type-page","status-publish","hentry"],"_links":{"self":[{"href":"https:\/\/www.linux-mitterteich.de\/index.php?rest_route=\/wp\/v2\/pages\/173","targetHints":{"allow":["GET"]}}],"collection":[{"href":"https:\/\/www.linux-mitterteich.de\/index.php?rest_route=\/wp\/v2\/pages"}],"about":[{"href":"https:\/\/www.linux-mitterteich.de\/index.php?rest_route=\/wp\/v2\/types\/page"}],"author":[{"embeddable":true,"href":"https:\/\/www.linux-mitterteich.de\/index.php?rest_route=\/wp\/v2\/users\/1"}],"replies":[{"embeddable":true,"href":"https:\/\/www.linux-mitterteich.de\/index.php?rest_route=%2Fwp%2Fv2%2Fcomments&post=173"}],"version-history":[{"count":18,"href":"https:\/\/www.linux-mitterteich.de\/index.php?rest_route=\/wp\/v2\/pages\/173\/revisions"}],"predecessor-version":[{"id":571,"href":"https:\/\/www.linux-mitterteich.de\/index.php?rest_route=\/wp\/v2\/pages\/173\/revisions\/571"}],"wp:attachment":[{"href":"https:\/\/www.linux-mitterteich.de\/index.php?rest_route=%2Fwp%2Fv2%2Fmedia&parent=173"}],"curies":[{"name":"wp","href":"https:\/\/api.w.org\/{rel}","templated":true}]}}