{"id":19,"date":"2017-05-10T00:00:00","date_gmt":"2017-05-10T00:00:00","guid":{"rendered":"http:\/\/localhost\/Themes\/2017\/Juno\/Website_WP\/index.php\/home\/"},"modified":"2019-03-25T17:04:54","modified_gmt":"2019-03-25T16:04:54","slug":"home","status":"publish","type":"page","link":"https:\/\/www.linux-mitterteich.de\/","title":{"rendered":"Home"},"content":{"rendered":"<p>TUX HEISST DICH<\/p>\n<p>Herzlich Willkommen<\/p>\n<p>bei der\u00a0LINUX USER GROUP\u00a0MITTERTEICH<\/p>\n<p>\u00dcber uns<\/p>\n<p>Stammtisch<\/p>\n<p>jeden 3. Mittwoch im Monat<\/p>\n<p>Mailingliste<\/p>\n<p>dein Kontakt zur LUG<\/p>\n<p>Wer wir sind und was wir tun &#8230;<\/p>\n<p>Wir sind eine Gruppe von begeisterten Linux-Nutzern und tauschen uns regelm\u00e4\u00dfig zu aktuellen Themen und Problemen aus: Entweder \u00fcber unsere Mailingliste, oder einmal im Monat zum Stammtisch in Mitterteich.<\/p>\n<p>Bei uns ist JEDER WILLKOMMEN &#8211; vom Anf\u00e4nger bis zum Profi.<\/p>\n<p>mehr \u00fcber uns erfahren<\/p>\n<p>Letzte Beitr\u00e4ge<\/p>\n<p>N\u00e4chste Termine<\/p>\n<p><!-- {\"name\":\"Home\",\"type\":\"layout\",\"children\":[{\"name\":\"Hero\",\"type\":\"section\",\"props\":{\"width\":\"default\",\"padding\":\"large\",\"style\":\"default\",\"text_color\":\"\",\"media\":\"images\\\/home-header.jpg\",\"height_viewport\":true,\"header_overlay\":\"light\",\"image\":\"wp-content\\\/uploads\\\/home-hero_lug.svg\",\"media_advanced\":true,\"image_size\":\"contain\",\"media_background\":null,\"media_overlay\":null,\"height\":\"percent\",\"animation\":\"\",\"header_transparent\":\"\",\"image_position\":\"bottom-right\",\"image_width\":\"\",\"image_height\":\"\",\"image_fixed\":false,\"media_blend_mode\":\"\",\"overlap\":false,\"padding_remove_bottom\":false,\"image_visibility\":\"s\",\"image_effect\":\"parallax\",\"image_parallax\":-540,\"padding_remove_top\":false,\"image_parallax_bgy_end\":\"\",\"image_parallax_bgy_start\":\"70\",\"image_parallax_bgx_start\":\"\",\"image_parallax_bgx_end\":\"\",\"image_parallax_breakpoint\":\"m\"},\"children\":[{\"name\":\"\",\"type\":\"row\",\"props\":{\"layout\":\"1-1\",\"breakpoint\":\"m\",\"fixed_width\":\"large\",\"margin\":\"large\",\"vertical_align\":false,\"match\":false,\"width\":\"expand\",\"gutter\":\"small\",\"divider\":false},\"children\":[{\"name\":\"\",\"type\":\"column\",\"props\":{\"image_position\":\"center-center\",\"widths\":[\"1-1\"],\"style\":\"\",\"image\":\"\",\"image_size\":\"cover\"},\"children\":[{\"name\":\"\",\"type\":\"headline\",\"props\":{\"title_element\":\"div\",\"content\":\"TUX HEISST DICH\",\"title_style\":\"h2\",\"text_align\":\"left\",\"text_align_fallback\":\"\",\"maxwidth\":\"\",\"maxwidth_align\":\"\",\"animation\":\"parallax\",\"text_align_breakpoint\":\"\",\"margin\":\"remove-vertical\",\"margin_remove_top\":false,\"margin_remove_bottom\":false,\"title_color\":\"background\",\"parallax_target\":false,\"parallax_y\":\"\",\"parallax_viewport\":\"\",\"parallax_x\":\"\",\"parallax_opacity\":\"\",\"parallax_scale\":\"\",\"parallax_velocity\":\"\",\"parallax_y_end\":\"-50\",\"parallax_breakpoint\":\"s\"}},{\"name\":\"\",\"type\":\"headline\",\"props\":{\"title_element\":\"h1\",\"content\":\"Herzlich Willkommen\",\"title_style\":\"heading-hero\",\"text_align\":\"left\",\"text_align_fallback\":\"\",\"maxwidth\":\"large\",\"maxwidth_align\":\"\",\"animation\":\"parallax\",\"text_align_breakpoint\":\"\",\"margin\":\"small\",\"margin_remove_top\":false,\"margin_remove_bottom\":false,\"title_color\":\"\",\"parallax_y\":\"\",\"parallax_opacity\":\"\",\"parallax_velocity\":\"\",\"parallax_y_end\":\"-50\",\"parallax_breakpoint\":\"s\"}},{\"name\":\"\",\"type\":\"text\",\"props\":{\"column_breakpoint\":\"m\",\"margin\":\"medium\",\"content\":\"bei der\\u00a0LINUX USER GROUP\\u00a0MITTERTEICH\",\"column\":\"\",\"text_size\":\"\",\"text_style\":\"lead\",\"text_align\":\"left\",\"maxwidth\":\"medium\",\"id\":\"\",\"animation\":\"parallax\",\"parallax_y\":\"\",\"parallax_velocity\":\"\",\"parallax_opacity\":\"\",\"parallax_y_end\":\"-50\",\"parallax_breakpoint\":\"s\"}},{\"name\":\"\",\"type\":\"button\",\"props\":{\"gutter\":\"small\",\"margin\":\"default\",\"button_size\":\"large\",\"animation\":\"parallax\",\"parallax_y\":\"\",\"parallax_viewport\":\"\",\"parallax_target\":false,\"parallax_velocity\":\"\",\"parallax_y_end\":\"-50\",\"parallax_breakpoint\":\"s\"},\"children\":[{\"name\":\"\",\"type\":\"button_item\",\"props\":{\"button_style\":\"default\",\"icon_align\":\"left\",\"content\":\"\\u00dcber uns\",\"link\":\"index.php?page_id=171\"}}]}]}]}]},{\"name\":\"Products Grid\",\"type\":\"section\",\"props\":{\"width\":\"\",\"padding\":\"none\",\"style\":\"default\",\"text_color\":\"\",\"media\":\"\",\"height_viewport\":false,\"header_overlay\":\"light\",\"animation\":\"slide-top-small\",\"padding_remove_top\":false,\"image_size\":\"cover\",\"image_position\":\"center-center\"},\"children\":[{\"name\":\"\",\"type\":\"row\",\"props\":{\"layout\":\",\",\"breakpoint\":\"m\",\"margin\":\"small\",\"fixed_width\":\"large\",\"width\":\"\",\"vertical_align\":false,\"match\":false,\"gutter\":\"collapse\"},\"children\":[{\"name\":\"\",\"type\":\"column\",\"props\":{\"image_position\":\"center-right\",\"widths\":[\"\"],\"image\":\"wp-content\\\/uploads\\\/stammtisch-1.jpg\",\"image_width\":\"700\",\"image_height\":\"470\",\"style\":\"primary\",\"preserve_color\":true,\"padding\":\"large\",\"image_size\":\"cover\"},\"children\":[{\"name\":\"\",\"type\":\"headline\",\"props\":{\"title_element\":\"h2\",\"content\":\"Stammtisch\",\"title_style\":\"heading-primary\",\"animation\":\"parallax\",\"parallax_y_end\":\"-50\",\"margin\":\"small\",\"parallax_breakpoint\":\"m\",\"maxwidth\":\"xxlarge\",\"maxwidth_align\":\"center\",\"title_color\":\"\"}},{\"name\":\"\",\"type\":\"button\",\"props\":{\"gutter\":\"small\",\"margin\":\"remove-vertical\",\"button_size\":\"\",\"animation\":\"parallax\",\"parallax_y_end\":\"-50\",\"parallax_breakpoint\":\"m\",\"maxwidth\":\"xxlarge\",\"maxwidth_align\":\"center\"},\"children\":[{\"name\":\"\",\"type\":\"button_item\",\"props\":{\"button_style\":\"text\",\"icon_align\":\"left\",\"content\":\"jeden 3. Mittwoch im Monat\",\"link\":\"index.php?page_id=173\"}}]}]},{\"name\":\"\",\"type\":\"column\",\"props\":{\"image_position\":\"center-right\",\"widths\":[\"\"],\"image\":\"wp-content\\\/uploads\\\/maillingliste-1.jpg\",\"image_width\":\"700\",\"image_height\":\"470\",\"image_size\":\"cover\",\"padding\":\"large\",\"style\":\"secondary\",\"preserve_color\":true},\"children\":[{\"name\":\"\",\"type\":\"headline\",\"props\":{\"title_element\":\"h2\",\"content\":\"Mailingliste\",\"title_style\":\"heading-primary\",\"animation\":\"parallax\",\"parallax_y_end\":\"-50\",\"margin\":\"small\",\"parallax_breakpoint\":\"m\",\"maxwidth\":\"xxlarge\",\"maxwidth_align\":\"center\"}},{\"name\":\"\",\"type\":\"button\",\"props\":{\"gutter\":\"small\",\"margin\":\"remove-vertical\",\"button_size\":\"\",\"animation\":\"parallax\",\"parallax_y_end\":\"-50\",\"parallax_breakpoint\":\"m\",\"maxwidth\":\"xxlarge\",\"maxwidth_align\":\"center\"},\"children\":[{\"name\":\"\",\"type\":\"button_item\",\"props\":{\"button_style\":\"text\",\"icon_align\":\"left\",\"content\":\"dein Kontakt zur LUG\",\"link\":\"index.php?page_id=175\"}}]}]}]}]},{\"name\":\"About\",\"type\":\"section\",\"props\":{\"width\":\"default\",\"padding\":\"large\",\"style\":\"default\",\"text_color\":\"\",\"media\":\"images\\\/home-header.jpg\",\"height_viewport\":true,\"header_overlay\":\"light\",\"image\":\"\",\"media_advanced\":true,\"image_size\":\"\",\"media_background\":null,\"media_overlay\":null,\"height\":\"\",\"animation\":\"\",\"header_transparent\":\"\",\"image_position\":\"center-left\",\"image_width\":\"\",\"image_height\":\"\",\"image_fixed\":false,\"media_blend_mode\":\"\",\"overlap\":false,\"padding_remove_bottom\":false,\"padding_remove_top\":false,\"image_effect\":\"parallax\",\"image_parallax\":0,\"image_visibility\":\"s\",\"image_parallax_bgy_start\":\"100\",\"image_parallax_bgy_end\":\"-150\",\"image_parallax_breakpoint\":\"m\"},\"children\":[{\"name\":\"\",\"type\":\"row\",\"props\":{\"fixed_width\":\"large\",\"breakpoint\":\"m\",\"layout\":\",\"},\"children\":[{\"name\":\"\",\"type\":\"column\",\"props\":{\"image_position\":\"center-center\",\"widths\":[\"\"]},\"children\":[{\"name\":\"\",\"type\":\"headline\",\"props\":{\"title_element\":\"h2\",\"content\":\"Wer wir sind und was wir tun ...\",\"title_style\":\"heading-primary\",\"margin\":\"small\",\"maxwidth\":\"large\",\"text_align\":\"left\",\"maxwidth_align\":\"\",\"animation\":\"\",\"parallax_x_start\":\"\",\"parallax_x_end\":\"\",\"parallax_y_start\":\"100\",\"parallax_breakpoint\":\"m\",\"parallax_y_end\":\"-150\"}},{\"name\":\"\",\"type\":\"text\",\"props\":{\"column_breakpoint\":\"m\",\"margin\":\"default\",\"content\":\"Wir sind eine Gruppe von begeisterten Linux-Nutzern und tauschen uns regelm\\u00e4\\u00dfig zu aktuellen Themen und Problemen aus: Entweder \\u00fcber unsere Mailingliste, oder einmal im Monat zum Stammtisch in Mitterteich.<br \\\/><br \\\/>Bei uns ist JEDER WILLKOMMEN - vom Anf\\u00e4nger bis zum Profi.\",\"animation\":\"\",\"parallax_target\":false}},{\"name\":\"\",\"type\":\"button\",\"props\":{\"gutter\":\"small\",\"margin\":\"remove-vertical\",\"button_size\":\"\",\"animation\":\"\",\"parallax_y_end\":\"-50\",\"parallax_breakpoint\":\"m\",\"maxwidth\":\"xxlarge\",\"maxwidth_align\":\"center\"},\"children\":[{\"name\":\"\",\"type\":\"button_item\",\"props\":{\"button_style\":\"text\",\"icon_align\":\"left\",\"content\":\"mehr \\u00fcber uns erfahren\",\"link\":\"index.php?page_id=171\"}}]}]},{\"name\":\"\",\"type\":\"column\",\"props\":{\"image_position\":\"center-center\",\"widths\":[\"\"]},\"children\":[{\"name\":\"\",\"type\":\"image\",\"props\":{\"margin\":\"default\",\"image\":\"wp-content\\\/uploads\\\/3142b45525.jpg\"}}]}]}]},{\"name\":\"\",\"type\":\"section\",\"props\":{\"style\":\"default\",\"width\":\"default\",\"image_position\":\"center-center\",\"padding_remove_top\":true,\"padding\":\"\"},\"children\":[{\"name\":\"\",\"type\":\"row\",\"props\":{\"fixed_width\":\"large\",\"breakpoint\":\"m\",\"layout\":\",\",\"divider\":false},\"children\":[{\"name\":\"\",\"type\":\"column\",\"props\":{\"image_position\":\"center-center\",\"widths\":[\"\"]},\"children\":[{\"name\":\"\",\"type\":\"headline\",\"props\":{\"title_element\":\"h1\",\"content\":\"Letzte Beitr\\u00e4ge\"}},{\"name\":\"\",\"type\":\"wordpress_widget\",\"props\":{\"type\":\"recent-posts\",\"widget\":\"recent-posts-2\"}}]},{\"name\":\"\",\"type\":\"column\",\"props\":{\"image_position\":\"center-center\",\"widths\":[\"\"]},\"children\":[{\"name\":\"\",\"type\":\"headline\",\"props\":{\"title_element\":\"h1\",\"content\":\"N\\u00e4chste Termine\"}},{\"name\":\"\",\"type\":\"wordpress_widget\",\"props\":{\"type\":\"ai1ec_agenda_widget\",\"widget\":\"ai1ec_agenda_widget-2\"}}]}]}]}]} --><\/p>\n","protected":false},"excerpt":{"rendered":"<p>TUX HEISST DICH Herzlich Willkommen bei der\u00a0LINUX USER GROUP\u00a0MITTERTEICH \u00dcber uns Stammtisch jeden 3. Mittwoch im Monat Mailingliste dein Kontakt zur LUG Wer wir sind und was wir tun &#8230; Wir sind eine Gruppe von begeisterten Linux-Nutzern und tauschen uns regelm\u00e4\u00dfig zu aktuellen Themen und Problemen aus: Entweder \u00fcber unsere Mailingliste, oder einmal im Monat [&hellip;]<\/p>\n","protected":false},"author":1,"featured_media":0,"parent":0,"menu_order":2,"comment_status":"closed","ping_status":"closed","template":"","meta":{"footnotes":""},"class_list":["post-19","page","type-page","status-publish","hentry"],"_links":{"self":[{"href":"https:\/\/www.linux-mitterteich.de\/index.php?rest_route=\/wp\/v2\/pages\/19","targetHints":{"allow":["GET"]}}],"collection":[{"href":"https:\/\/www.linux-mitterteich.de\/index.php?rest_route=\/wp\/v2\/pages"}],"about":[{"href":"https:\/\/www.linux-mitterteich.de\/index.php?rest_route=\/wp\/v2\/types\/page"}],"author":[{"embeddable":true,"href":"https:\/\/www.linux-mitterteich.de\/index.php?rest_route=\/wp\/v2\/users\/1"}],"replies":[{"embeddable":true,"href":"https:\/\/www.linux-mitterteich.de\/index.php?rest_route=%2Fwp%2Fv2%2Fcomments&post=19"}],"version-history":[{"count":29,"href":"https:\/\/www.linux-mitterteich.de\/index.php?rest_route=\/wp\/v2\/pages\/19\/revisions"}],"predecessor-version":[{"id":265,"href":"https:\/\/www.linux-mitterteich.de\/index.php?rest_route=\/wp\/v2\/pages\/19\/revisions\/265"}],"wp:attachment":[{"href":"https:\/\/www.linux-mitterteich.de\/index.php?rest_route=%2Fwp%2Fv2%2Fmedia&parent=19"}],"curies":[{"name":"wp","href":"https:\/\/api.w.org\/{rel}","templated":true}]}}